{"id":32,"date":"2023-07-03T18:33:05","date_gmt":"2023-07-03T21:33:05","guid":{"rendered":"https:\/\/antitolices.com.br\/?page_id=32"},"modified":"2026-03-01T11:40:40","modified_gmt":"2026-03-01T14:40:40","slug":"quem-somos","status":"publish","type":"page","link":"https:\/\/antitolices.com.br\/?page_id=32","title":{"rendered":"Quem Somos"},"content":{"rendered":"\n<p><\/p>\n\n\n\n<p>Antitolices \u00e9 blog para praticar a leitura como entretenimento.<\/p>\n\n\n\n<p>Espa\u00e7o para publicar textos autorais, oferecendo material para leitura e interpreta\u00e7\u00e3o individuais, sem qualquer outra inten\u00e7\u00e3o.<\/p>\n\n\n\n<p>O editor atual \u00e9 Irotis Poluser Sobarba, brasileiro e escritor amador, criado por algu\u00e9m que prefere assim. N\u00e3o utiliza redes sociais com nome pessoal, somente instagram para administra\u00e7\u00e3o de contatos e divulga\u00e7\u00e3o deste blog.<\/p>\n\n\n\n<p> O melhor canal de contato \u00e9 o email: antitolices@antitolices.com.br.<\/p>\n\n\n\n<h2 class=\"wp-block-heading\"><\/h2>\n","protected":false},"excerpt":{"rendered":"<p>Antitolices \u00e9 blog para praticar a leitura como entretenimento. Espa\u00e7o para publicar textos autorais, oferecendo material para leitura e interpreta\u00e7\u00e3o individuais, sem qualquer outra inten\u00e7\u00e3o. O editor atual \u00e9 Irotis Poluser Sobarba, brasileiro e escritor amador, criado por algu\u00e9m que prefere assim. N\u00e3o utiliza redes sociais com nome pessoal, somente instagram para administra\u00e7\u00e3o de contatos <a class=\"more-link\" href=\"https:\/\/antitolices.com.br\/?page_id=32\">Leia mais&#8230; &raquo;<\/a><\/p>\n","protected":false},"author":1,"featured_media":0,"parent":0,"menu_order":1,"comment_status":"closed","ping_status":"closed","template":"","meta":{"footnotes":""},"class_list":["post-32","page","type-page","status-publish","hentry"],"_links":{"self":[{"href":"https:\/\/antitolices.com.br\/index.php?rest_route=\/wp\/v2\/pages\/32","targetHints":{"allow":["GET"]}}],"collection":[{"href":"https:\/\/antitolices.com.br\/index.php?rest_route=\/wp\/v2\/pages"}],"about":[{"href":"https:\/\/antitolices.com.br\/index.php?rest_route=\/wp\/v2\/types\/page"}],"author":[{"embeddable":true,"href":"https:\/\/antitolices.com.br\/index.php?rest_route=\/wp\/v2\/users\/1"}],"replies":[{"embeddable":true,"href":"https:\/\/antitolices.com.br\/index.php?rest_route=%2Fwp%2Fv2%2Fcomments&post=32"}],"version-history":[{"count":3,"href":"https:\/\/antitolices.com.br\/index.php?rest_route=\/wp\/v2\/pages\/32\/revisions"}],"predecessor-version":[{"id":426,"href":"https:\/\/antitolices.com.br\/index.php?rest_route=\/wp\/v2\/pages\/32\/revisions\/426"}],"wp:attachment":[{"href":"https:\/\/antitolices.com.br\/index.php?rest_route=%2Fwp%2Fv2%2Fmedia&parent=32"}],"curies":[{"name":"wp","href":"https:\/\/api.w.org\/{rel}","templated":true}]}}